{"id":40733,"date":"2025-06-24T14:28:00","date_gmt":"2025-06-24T12:28:00","guid":{"rendered":"https:\/\/levaldelaisne.be\/nl\/?post_type=product&#038;p=40733"},"modified":"2025-07-10T12:42:39","modified_gmt":"2025-07-10T10:42:39","slug":"stacaravan-louisiane-maldives-2-slaapkamers","status":"publish","type":"product","link":"https:\/\/levaldelaisne.be\/nl\/stacaravan-te-koop\/tweedehands-stacaravan\/stacaravan-louisiane-maldives-2-slaapkamers\/","title":{"rendered":"Stacaravan Louisiane Maldives 2 slaapkamers"},"content":{"rendered":"<p><strong>Te koop: prachtige stacaravan Louisiane Maldives (2018) met 2 slaapkamers<\/strong>, gelegen op een rustige, <a href=\"https:\/\/levaldelaisne.be\/nl\/kamperen-ardennen\/jaarplaats\/\"><strong>groene jaarkampeerplaats<\/strong><\/a> op <a href=\"https:\/\/levaldelaisne.be\/nl\/\"><strong>Domaine Le Val de l&#8217;Aisne, in het hart van de Belgische Ardennen<\/strong><\/a>.<\/p>\n<p>Deze stacaravan biedt optimaal comfort voor een vakantie met het gezin, met z&#8217;n twee\u00ebn of met vrienden, in een streek die bekend staat om zijn weelderige natuur, rivieren, wandelpaden en rustgevende omgeving.<\/p>\n<p>\ud83d\udecf\ufe0f Configuratie :<\/p>\n<ul>\n<li>1 grote slaapkamer met ingebouwde opbergruimte<\/li>\n<li>1 slaapkamer met twee eenpersoonsbedden, ideaal voor kinderen of gasten<\/li>\n<li>Moderne doucheruimte<\/li>\n<li>Apart toilet<\/li>\n<\/ul>\n<p>Woonkamer met veel lichtinval, zithoek en eethoek<br \/>\nFunctionele, volledig uitgeruste keuken: koelkast, gasfornuis, veel opbergruimte<\/p>\n<p>\ud83c\udf3f Buiten:<br \/>\nDeze stacaravan staat op een rustig, bebost en goed onderhouden terrein in een uitzonderlijke natuurlijke omgeving op <strong>een bekende familiecamping<\/strong>. Domaine Le Val de l&#8217;Aisne biedt vele services ter plaatse: restaurant, vijver, speeltuinen, animatie en nog veel meer.<\/p>\n<p>\u2705 Voordelen :<\/p>\n<ul>\n<li>Stacaravan in uitstekende staat<\/li>\n<li>Kampeerplaats klaar voor gebruik<\/li>\n<li>Bevoorrechte natuurlijke omgeving<\/li>\n<li>Perfect als tweede thuis of investering in vakantieverhuur<\/li>\n<li>Onmiddellijke nabijheid van buitenactiviteiten (wandelen, kajakken, fietsen, vissen&#8230;)<\/li>\n<\/ul>\n<p>Mis deze kans niet om een stacaravan Louisiane Maldives te kopen in \u00e9\u00e9n van de mooiste streken van Belgi\u00eb. Een oase van rust om nieuwe energie op te doen of om uw naasten te ontvangen.<\/p>\n<p>\ud83d\udc49 <a href=\"https:\/\/levaldelaisne.be\/nl\/contact\/\"><strong>Neem nu contact<\/strong><\/a> met ons op voor meer informatie of om een afspraak te maken voor een bezoek!<\/p>\n","protected":false},"excerpt":{"rendered":"<p>Te koop via\u00a0 de eigenaar. Informatie: Bureau Camping Le Val de l\u2019Aisne.+32 (0)86 47 00 67<\/p>\n","protected":false},"featured_media":40734,"comment_status":"closed","ping_status":"closed","template":"","meta":{"_et_pb_use_builder":"","_et_pb_old_content":"","_et_gb_content_width":""},"product_brand":[],"product_cat":[210],"product_tag":[],"class_list":{"0":"post-40733","1":"product","2":"type-product","3":"status-publish","4":"has-post-thumbnail","6":"product_cat-stacaravan","8":"first","9":"outofstock","10":"shipping-taxable","11":"product-type-simple"},"yoast_head":"<!-- This site is optimized with the Yoast SEO plugin v27.4 - https:\/\/yoast.com\/product\/yoast-seo-wordpress\/ -->\n<title>Stacaravan Louisiane Maldives 2 slaapkamers - Domaine Le Val de l&#039;Aisne camping Ardennen<\/title>\n<meta name=\"description\" content=\"Te koop: 2018 Louisiane 2-slaapkamer stacaravan op een zonnige plaats op een jaarrond camping in de Belgische Ardennen.\" \/>\n<meta name=\"robots\" content=\"index, follow, max-snippet:-1, max-image-preview:large, max-video-preview:-1\" \/>\n<link rel=\"canonical\" href=\"https:\/\/levaldelaisne.be\/nl\/stacaravan-te-koop\/tweedehands-stacaravan\/stacaravan-louisiane-maldives-2-slaapkamers\/\" \/>\n<meta property=\"og:locale\" content=\"nl_BE\" \/>\n<meta property=\"og:type\" content=\"article\" \/>\n<meta property=\"og:title\" content=\"Stacaravan Louisiane Maldives 2 slaapkamers - Domaine Le Val de l&#039;Aisne camping Ardennen\" \/>\n<meta property=\"og:description\" content=\"Te koop: 2018 Louisiane 2-slaapkamer stacaravan op een zonnige plaats op een jaarrond camping in de Belgische Ardennen.\" \/>\n<meta property=\"og:url\" content=\"https:\/\/levaldelaisne.be\/nl\/stacaravan-te-koop\/tweedehands-stacaravan\/stacaravan-louisiane-maldives-2-slaapkamers\/\" \/>\n<meta property=\"og:site_name\" content=\"Domaine Le Val de l&#039;Aisne camping Ardennen\" \/>\n<meta property=\"article:publisher\" content=\"https:\/\/www.facebook.com\/campinglevaldelaisne\/\" \/>\n<meta property=\"article:modified_time\" content=\"2025-07-10T10:42:39+00:00\" \/>\n<meta property=\"og:image\" content=\"https:\/\/levaldelaisne.be\/nl\/wp-content\/uploads\/sites\/2\/2025\/06\/stacaravan-te-koop-op-een-camping-in-de-belgische-ardennen.jpg\" \/>\n\t<meta property=\"og:image:width\" content=\"1080\" \/>\n\t<meta property=\"og:image:height\" content=\"607\" \/>\n\t<meta property=\"og:image:type\" content=\"image\/jpeg\" \/>\n<meta name=\"twitter:card\" content=\"summary_large_image\" \/>\n<meta name=\"twitter:label1\" content=\"Geschatte leestijd\" \/>\n\t<meta name=\"twitter:data1\" content=\"2 minuten\" \/>\n<script type=\"application\/ld+json\" class=\"yoast-schema-graph\">{\"@context\":\"https:\\\/\\\/schema.org\",\"@graph\":[{\"@type\":\"WebPage\",\"@id\":\"https:\\\/\\\/levaldelaisne.be\\\/nl\\\/stacaravan-te-koop\\\/tweedehands-stacaravan\\\/stacaravan-louisiane-maldives-2-slaapkamers\\\/\",\"url\":\"https:\\\/\\\/levaldelaisne.be\\\/nl\\\/stacaravan-te-koop\\\/tweedehands-stacaravan\\\/stacaravan-louisiane-maldives-2-slaapkamers\\\/\",\"name\":\"Stacaravan Louisiane Maldives 2 slaapkamers - Domaine Le Val de l&#039;Aisne camping Ardennen\",\"isPartOf\":{\"@id\":\"https:\\\/\\\/levaldelaisne.be\\\/nl\\\/#website\"},\"primaryImageOfPage\":{\"@id\":\"https:\\\/\\\/levaldelaisne.be\\\/nl\\\/stacaravan-te-koop\\\/tweedehands-stacaravan\\\/stacaravan-louisiane-maldives-2-slaapkamers\\\/#primaryimage\"},\"image\":{\"@id\":\"https:\\\/\\\/levaldelaisne.be\\\/nl\\\/stacaravan-te-koop\\\/tweedehands-stacaravan\\\/stacaravan-louisiane-maldives-2-slaapkamers\\\/#primaryimage\"},\"thumbnailUrl\":\"https:\\\/\\\/levaldelaisne.be\\\/nl\\\/wp-content\\\/uploads\\\/sites\\\/2\\\/2025\\\/06\\\/stacaravan-te-koop-op-een-camping-in-de-belgische-ardennen.jpg\",\"datePublished\":\"2025-06-24T12:28:00+00:00\",\"dateModified\":\"2025-07-10T10:42:39+00:00\",\"description\":\"Te koop: 2018 Louisiane 2-slaapkamer stacaravan op een zonnige plaats op een jaarrond camping in de Belgische Ardennen.\",\"breadcrumb\":{\"@id\":\"https:\\\/\\\/levaldelaisne.be\\\/nl\\\/stacaravan-te-koop\\\/tweedehands-stacaravan\\\/stacaravan-louisiane-maldives-2-slaapkamers\\\/#breadcrumb\"},\"inLanguage\":\"nl-BE\",\"potentialAction\":[{\"@type\":\"ReadAction\",\"target\":[\"https:\\\/\\\/levaldelaisne.be\\\/nl\\\/stacaravan-te-koop\\\/tweedehands-stacaravan\\\/stacaravan-louisiane-maldives-2-slaapkamers\\\/\"]}]},{\"@type\":\"ImageObject\",\"inLanguage\":\"nl-BE\",\"@id\":\"https:\\\/\\\/levaldelaisne.be\\\/nl\\\/stacaravan-te-koop\\\/tweedehands-stacaravan\\\/stacaravan-louisiane-maldives-2-slaapkamers\\\/#primaryimage\",\"url\":\"https:\\\/\\\/levaldelaisne.be\\\/nl\\\/wp-content\\\/uploads\\\/sites\\\/2\\\/2025\\\/06\\\/stacaravan-te-koop-op-een-camping-in-de-belgische-ardennen.jpg\",\"contentUrl\":\"https:\\\/\\\/levaldelaisne.be\\\/nl\\\/wp-content\\\/uploads\\\/sites\\\/2\\\/2025\\\/06\\\/stacaravan-te-koop-op-een-camping-in-de-belgische-ardennen.jpg\",\"width\":1080,\"height\":607,\"caption\":\"Stacaravan te koop op een camping in de belgische Ardennen\"},{\"@type\":\"BreadcrumbList\",\"@id\":\"https:\\\/\\\/levaldelaisne.be\\\/nl\\\/stacaravan-te-koop\\\/tweedehands-stacaravan\\\/stacaravan-louisiane-maldives-2-slaapkamers\\\/#breadcrumb\",\"itemListElement\":[{\"@type\":\"ListItem\",\"position\":1,\"name\":\"Home\",\"item\":\"https:\\\/\\\/levaldelaisne.be\\\/nl\\\/\"},{\"@type\":\"ListItem\",\"position\":2,\"name\":\"Tweedehands stacaravans in de Ardennen\",\"item\":\"https:\\\/\\\/levaldelaisne.be\\\/nl\\\/stacaravan-te-koop\\\/tweedehands-stacaravan\\\/\"},{\"@type\":\"ListItem\",\"position\":3,\"name\":\"Stacaravan Louisiane Maldives 2 slaapkamers\"}]},{\"@type\":\"WebSite\",\"@id\":\"https:\\\/\\\/levaldelaisne.be\\\/nl\\\/#website\",\"url\":\"https:\\\/\\\/levaldelaisne.be\\\/nl\\\/\",\"name\":\"Domaine Le Val de l&#039;Aisne camping Ardennen\",\"description\":\"Fijne vakantie in de Ardennen !\",\"publisher\":{\"@id\":\"https:\\\/\\\/levaldelaisne.be\\\/nl\\\/#organization\"},\"potentialAction\":[{\"@type\":\"SearchAction\",\"target\":{\"@type\":\"EntryPoint\",\"urlTemplate\":\"https:\\\/\\\/levaldelaisne.be\\\/nl\\\/?s={search_term_string}\"},\"query-input\":{\"@type\":\"PropertyValueSpecification\",\"valueRequired\":true,\"valueName\":\"search_term_string\"}}],\"inLanguage\":\"nl-BE\"},{\"@type\":\"Organization\",\"@id\":\"https:\\\/\\\/levaldelaisne.be\\\/nl\\\/#organization\",\"name\":\"Domaine Le Val de l'Aisne\",\"url\":\"https:\\\/\\\/levaldelaisne.be\\\/nl\\\/\",\"logo\":{\"@type\":\"ImageObject\",\"inLanguage\":\"nl-BE\",\"@id\":\"https:\\\/\\\/levaldelaisne.be\\\/nl\\\/#\\\/schema\\\/logo\\\/image\\\/\",\"url\":\"https:\\\/\\\/levaldelaisne.be\\\/nl\\\/wp-content\\\/uploads\\\/sites\\\/2\\\/2022\\\/09\\\/le-val-de-laisne-camping-glamping-ardennen.jpg\",\"contentUrl\":\"https:\\\/\\\/levaldelaisne.be\\\/nl\\\/wp-content\\\/uploads\\\/sites\\\/2\\\/2022\\\/09\\\/le-val-de-laisne-camping-glamping-ardennen.jpg\",\"width\":1920,\"height\":1080,\"caption\":\"Domaine Le Val de l'Aisne\"},\"image\":{\"@id\":\"https:\\\/\\\/levaldelaisne.be\\\/nl\\\/#\\\/schema\\\/logo\\\/image\\\/\"},\"sameAs\":[\"https:\\\/\\\/www.facebook.com\\\/campinglevaldelaisne\\\/\",\"https:\\\/\\\/www.instagram.com\\\/campinglevaldelaisne\\\/\",\"https:\\\/\\\/www.youtube.com\\\/channel\\\/UCbLlKAhNd6k1OdVG-7ItNVQ\"]}]}<\/script>\n<!-- \/ Yoast SEO plugin. -->","yoast_head_json":{"title":"Stacaravan Louisiane Maldives 2 slaapkamers - Domaine Le Val de l&#039;Aisne camping Ardennen","description":"Te koop: 2018 Louisiane 2-slaapkamer stacaravan op een zonnige plaats op een jaarrond camping in de Belgische Ardennen.","robots":{"index":"index","follow":"follow","max-snippet":"max-snippet:-1","max-image-preview":"max-image-preview:large","max-video-preview":"max-video-preview:-1"},"canonical":"https:\/\/levaldelaisne.be\/nl\/stacaravan-te-koop\/tweedehands-stacaravan\/stacaravan-louisiane-maldives-2-slaapkamers\/","og_locale":"nl_BE","og_type":"article","og_title":"Stacaravan Louisiane Maldives 2 slaapkamers - Domaine Le Val de l&#039;Aisne camping Ardennen","og_description":"Te koop: 2018 Louisiane 2-slaapkamer stacaravan op een zonnige plaats op een jaarrond camping in de Belgische Ardennen.","og_url":"https:\/\/levaldelaisne.be\/nl\/stacaravan-te-koop\/tweedehands-stacaravan\/stacaravan-louisiane-maldives-2-slaapkamers\/","og_site_name":"Domaine Le Val de l&#039;Aisne camping Ardennen","article_publisher":"https:\/\/www.facebook.com\/campinglevaldelaisne\/","article_modified_time":"2025-07-10T10:42:39+00:00","og_image":[{"width":1080,"height":607,"url":"https:\/\/levaldelaisne.be\/nl\/wp-content\/uploads\/sites\/2\/2025\/06\/stacaravan-te-koop-op-een-camping-in-de-belgische-ardennen.jpg","type":"image\/jpeg"}],"twitter_card":"summary_large_image","twitter_misc":{"Geschatte leestijd":"2 minuten"},"schema":{"@context":"https:\/\/schema.org","@graph":[{"@type":"WebPage","@id":"https:\/\/levaldelaisne.be\/nl\/stacaravan-te-koop\/tweedehands-stacaravan\/stacaravan-louisiane-maldives-2-slaapkamers\/","url":"https:\/\/levaldelaisne.be\/nl\/stacaravan-te-koop\/tweedehands-stacaravan\/stacaravan-louisiane-maldives-2-slaapkamers\/","name":"Stacaravan Louisiane Maldives 2 slaapkamers - Domaine Le Val de l&#039;Aisne camping Ardennen","isPartOf":{"@id":"https:\/\/levaldelaisne.be\/nl\/#website"},"primaryImageOfPage":{"@id":"https:\/\/levaldelaisne.be\/nl\/stacaravan-te-koop\/tweedehands-stacaravan\/stacaravan-louisiane-maldives-2-slaapkamers\/#primaryimage"},"image":{"@id":"https:\/\/levaldelaisne.be\/nl\/stacaravan-te-koop\/tweedehands-stacaravan\/stacaravan-louisiane-maldives-2-slaapkamers\/#primaryimage"},"thumbnailUrl":"https:\/\/levaldelaisne.be\/nl\/wp-content\/uploads\/sites\/2\/2025\/06\/stacaravan-te-koop-op-een-camping-in-de-belgische-ardennen.jpg","datePublished":"2025-06-24T12:28:00+00:00","dateModified":"2025-07-10T10:42:39+00:00","description":"Te koop: 2018 Louisiane 2-slaapkamer stacaravan op een zonnige plaats op een jaarrond camping in de Belgische Ardennen.","breadcrumb":{"@id":"https:\/\/levaldelaisne.be\/nl\/stacaravan-te-koop\/tweedehands-stacaravan\/stacaravan-louisiane-maldives-2-slaapkamers\/#breadcrumb"},"inLanguage":"nl-BE","potentialAction":[{"@type":"ReadAction","target":["https:\/\/levaldelaisne.be\/nl\/stacaravan-te-koop\/tweedehands-stacaravan\/stacaravan-louisiane-maldives-2-slaapkamers\/"]}]},{"@type":"ImageObject","inLanguage":"nl-BE","@id":"https:\/\/levaldelaisne.be\/nl\/stacaravan-te-koop\/tweedehands-stacaravan\/stacaravan-louisiane-maldives-2-slaapkamers\/#primaryimage","url":"https:\/\/levaldelaisne.be\/nl\/wp-content\/uploads\/sites\/2\/2025\/06\/stacaravan-te-koop-op-een-camping-in-de-belgische-ardennen.jpg","contentUrl":"https:\/\/levaldelaisne.be\/nl\/wp-content\/uploads\/sites\/2\/2025\/06\/stacaravan-te-koop-op-een-camping-in-de-belgische-ardennen.jpg","width":1080,"height":607,"caption":"Stacaravan te koop op een camping in de belgische Ardennen"},{"@type":"BreadcrumbList","@id":"https:\/\/levaldelaisne.be\/nl\/stacaravan-te-koop\/tweedehands-stacaravan\/stacaravan-louisiane-maldives-2-slaapkamers\/#breadcrumb","itemListElement":[{"@type":"ListItem","position":1,"name":"Home","item":"https:\/\/levaldelaisne.be\/nl\/"},{"@type":"ListItem","position":2,"name":"Tweedehands stacaravans in de Ardennen","item":"https:\/\/levaldelaisne.be\/nl\/stacaravan-te-koop\/tweedehands-stacaravan\/"},{"@type":"ListItem","position":3,"name":"Stacaravan Louisiane Maldives 2 slaapkamers"}]},{"@type":"WebSite","@id":"https:\/\/levaldelaisne.be\/nl\/#website","url":"https:\/\/levaldelaisne.be\/nl\/","name":"Domaine Le Val de l&#039;Aisne camping Ardennen","description":"Fijne vakantie in de Ardennen !","publisher":{"@id":"https:\/\/levaldelaisne.be\/nl\/#organization"},"potentialAction":[{"@type":"SearchAction","target":{"@type":"EntryPoint","urlTemplate":"https:\/\/levaldelaisne.be\/nl\/?s={search_term_string}"},"query-input":{"@type":"PropertyValueSpecification","valueRequired":true,"valueName":"search_term_string"}}],"inLanguage":"nl-BE"},{"@type":"Organization","@id":"https:\/\/levaldelaisne.be\/nl\/#organization","name":"Domaine Le Val de l'Aisne","url":"https:\/\/levaldelaisne.be\/nl\/","logo":{"@type":"ImageObject","inLanguage":"nl-BE","@id":"https:\/\/levaldelaisne.be\/nl\/#\/schema\/logo\/image\/","url":"https:\/\/levaldelaisne.be\/nl\/wp-content\/uploads\/sites\/2\/2022\/09\/le-val-de-laisne-camping-glamping-ardennen.jpg","contentUrl":"https:\/\/levaldelaisne.be\/nl\/wp-content\/uploads\/sites\/2\/2022\/09\/le-val-de-laisne-camping-glamping-ardennen.jpg","width":1920,"height":1080,"caption":"Domaine Le Val de l'Aisne"},"image":{"@id":"https:\/\/levaldelaisne.be\/nl\/#\/schema\/logo\/image\/"},"sameAs":["https:\/\/www.facebook.com\/campinglevaldelaisne\/","https:\/\/www.instagram.com\/campinglevaldelaisne\/","https:\/\/www.youtube.com\/channel\/UCbLlKAhNd6k1OdVG-7ItNVQ"]}]}},"_links":{"self":[{"href":"https:\/\/levaldelaisne.be\/nl\/wp-json\/wp\/v2\/product\/40733","targetHints":{"allow":["GET"]}}],"collection":[{"href":"https:\/\/levaldelaisne.be\/nl\/wp-json\/wp\/v2\/product"}],"about":[{"href":"https:\/\/levaldelaisne.be\/nl\/wp-json\/wp\/v2\/types\/product"}],"replies":[{"embeddable":true,"href":"https:\/\/levaldelaisne.be\/nl\/wp-json\/wp\/v2\/comments?post=40733"}],"wp:featuredmedia":[{"embeddable":true,"href":"https:\/\/levaldelaisne.be\/nl\/wp-json\/wp\/v2\/media\/40734"}],"wp:attachment":[{"href":"https:\/\/levaldelaisne.be\/nl\/wp-json\/wp\/v2\/media?parent=40733"}],"wp:term":[{"taxonomy":"product_brand","embeddable":true,"href":"https:\/\/levaldelaisne.be\/nl\/wp-json\/wp\/v2\/product_brand?post=40733"},{"taxonomy":"product_cat","embeddable":true,"href":"https:\/\/levaldelaisne.be\/nl\/wp-json\/wp\/v2\/product_cat?post=40733"},{"taxonomy":"product_tag","embeddable":true,"href":"https:\/\/levaldelaisne.be\/nl\/wp-json\/wp\/v2\/product_tag?post=40733"}],"curies":[{"name":"wp","href":"https:\/\/api.w.org\/{rel}","templated":true}]}}